{"id":1518,"date":"2023-07-19T14:30:37","date_gmt":"2023-07-19T14:30:37","guid":{"rendered":"https:\/\/www.tkelektric.pl\/?page_id=1518"},"modified":"2024-01-27T14:49:02","modified_gmt":"2024-01-27T13:49:02","slug":"instalatorstwo-elektroenergetyczne","status":"publish","type":"page","link":"https:\/\/www.tkelektric.pl\/index.php\/instalatorstwo-elektroenergetyczne\/","title":{"rendered":"Instalatorstwo elektroenergetyczne"},"content":{"rendered":"\n<p>Kompleksowe wykonawstwo instalacji elektroenergetycznych. Instalacje odgromowe- piorunochrony; O\u015bwietlenia uliczne, drogowe i parkowe; Linie kablowe; Instalacje alarmowe; Z\u0142\u0105cza kablowe; Rozdzielnice elektryczne; Przy\u0142\u0105cza. Wsp\u00f3\u0142pracujemy z deweloperami w zakresie realizacji kompleksowych prac elektroenergetycznych.<\/p>\n","protected":false},"excerpt":{"rendered":"<p>Instalacje elektryczne przy\u0142\u0105cza elektryk S\u0142upsk pomorskie<\/p>\n","protected":false},"author":1,"featured_media":0,"parent":0,"menu_order":0,"comment_status":"closed","ping_status":"closed","template":"","meta":{"footnotes":""},"class_list":["post-1518","page","type-page","status-publish","hentry"],"yoast_head":"<!-- This site is optimized with the Yoast SEO plugin v26.0 - https:\/\/yoast.com\/wordpress\/plugins\/seo\/ -->\n<title>Instalatorstwo elektroenergetyczne - T. K ELEKTRIC - Profesjonalne Instalatorstwo Elektryczne - Instalacje Elektryczne Instalacje Budowlane Wykonawstwo Naprawa Modernizacje S\u0142upsk i okolice Elektryk<\/title>\n<meta name=\"robots\" content=\"index, follow, max-snippet:-1, max-image-preview:large, max-video-preview:-1\" \/>\n<link rel=\"canonical\" href=\"https:\/\/www.tkelektric.pl\/index.php\/instalatorstwo-elektroenergetyczne\/\" \/>\n<meta property=\"og:locale\" content=\"pl_PL\" \/>\n<meta property=\"og:type\" content=\"article\" \/>\n<meta property=\"og:title\" content=\"Instalatorstwo elektroenergetyczne - T. K ELEKTRIC - Profesjonalne Instalatorstwo Elektryczne - Instalacje Elektryczne Instalacje Budowlane Wykonawstwo Naprawa Modernizacje S\u0142upsk i okolice Elektryk\" \/>\n<meta property=\"og:description\" content=\"Instalacje elektryczne przy\u0142\u0105cza elektryk S\u0142upsk pomorskie\" \/>\n<meta property=\"og:url\" content=\"https:\/\/www.tkelektric.pl\/index.php\/instalatorstwo-elektroenergetyczne\/\" \/>\n<meta property=\"og:site_name\" content=\"T. K ELEKTRIC - Profesjonalne Instalatorstwo Elektryczne - Instalacje Elektryczne Instalacje Budowlane Wykonawstwo Naprawa Modernizacje S\u0142upsk i okolice Elektryk\" \/>\n<meta property=\"article:modified_time\" content=\"2024-01-27T13:49:02+00:00\" \/>\n<meta name=\"twitter:card\" content=\"summary_large_image\" \/>\n<meta name=\"twitter:label1\" content=\"Szacowany czas czytania\" \/>\n\t<meta name=\"twitter:data1\" content=\"1 minuta\" \/>\n<script type=\"application\/ld+json\" class=\"yoast-schema-graph\">{\"@context\":\"https:\/\/schema.org\",\"@graph\":[{\"@type\":\"WebPage\",\"@id\":\"https:\/\/www.tkelektric.pl\/index.php\/instalatorstwo-elektroenergetyczne\/\",\"url\":\"https:\/\/www.tkelektric.pl\/index.php\/instalatorstwo-elektroenergetyczne\/\",\"name\":\"Instalatorstwo elektroenergetyczne - T. K ELEKTRIC - Profesjonalne Instalatorstwo Elektryczne - Instalacje Elektryczne Instalacje Budowlane Wykonawstwo Naprawa Modernizacje S\u0142upsk i okolice Elektryk\",\"isPartOf\":{\"@id\":\"https:\/\/www.tkelektric.pl\/#website\"},\"datePublished\":\"2023-07-19T14:30:37+00:00\",\"dateModified\":\"2024-01-27T13:49:02+00:00\",\"breadcrumb\":{\"@id\":\"https:\/\/www.tkelektric.pl\/index.php\/instalatorstwo-elektroenergetyczne\/#breadcrumb\"},\"inLanguage\":\"pl-PL\",\"potentialAction\":[{\"@type\":\"ReadAction\",\"target\":[\"https:\/\/www.tkelektric.pl\/index.php\/instalatorstwo-elektroenergetyczne\/\"]}]},{\"@type\":\"BreadcrumbList\",\"@id\":\"https:\/\/www.tkelektric.pl\/index.php\/instalatorstwo-elektroenergetyczne\/#breadcrumb\",\"itemListElement\":[{\"@type\":\"ListItem\",\"position\":1,\"name\":\"Strona g\u0142\u00f3wna\",\"item\":\"https:\/\/www.tkelektric.pl\/\"},{\"@type\":\"ListItem\",\"position\":2,\"name\":\"Instalatorstwo elektroenergetyczne\"}]},{\"@type\":\"WebSite\",\"@id\":\"https:\/\/www.tkelektric.pl\/#website\",\"url\":\"https:\/\/www.tkelektric.pl\/\",\"name\":\"T. K ELEKTRIC - Profesjonalne Instalatorstwo Elektryczne - Instalacje Elektryczne Instalacje Budowlane Wykonawstwo Naprawa Modernizacje S\u0142upsk i okolice Elektryk\",\"description\":\"Profesjonalne Instalatorstwo Elektryczne - Instalacje Elektryczne Instalacje Budowlane Wykonawstwo Naprawa Modernizacje Serwis Elektryczny Realizacja Inwestycji S\u0142upsk i okolice Pomorskie Zachodniopomorskie Elektryk\",\"publisher\":{\"@id\":\"https:\/\/www.tkelektric.pl\/#organization\"},\"potentialAction\":[{\"@type\":\"SearchAction\",\"target\":{\"@type\":\"EntryPoint\",\"urlTemplate\":\"https:\/\/www.tkelektric.pl\/?s={search_term_string}\"},\"query-input\":{\"@type\":\"PropertyValueSpecification\",\"valueRequired\":true,\"valueName\":\"search_term_string\"}}],\"inLanguage\":\"pl-PL\"},{\"@type\":\"Organization\",\"@id\":\"https:\/\/www.tkelektric.pl\/#organization\",\"name\":\"T. K ELEKTRIC - Profesjonalne Instalatorstwo Elektryczne - Instalacje Elektryczne Instalacje Budowlane Wykonawstwo Naprawa Modernizacje S\u0142upsk i okolice Elektryk\",\"url\":\"https:\/\/www.tkelektric.pl\/\",\"logo\":{\"@type\":\"ImageObject\",\"inLanguage\":\"pl-PL\",\"@id\":\"https:\/\/www.tkelektric.pl\/#\/schema\/logo\/image\/\",\"url\":\"https:\/\/www.tkelektric.pl\/wp-content\/uploads\/2023\/07\/cropped-tk-logo1-3d-300.png\",\"contentUrl\":\"https:\/\/www.tkelektric.pl\/wp-content\/uploads\/2023\/07\/cropped-tk-logo1-3d-300.png\",\"width\":300,\"height\":274,\"caption\":\"T. K ELEKTRIC - Profesjonalne Instalatorstwo Elektryczne - Instalacje Elektryczne Instalacje Budowlane Wykonawstwo Naprawa Modernizacje S\u0142upsk i okolice Elektryk\"},\"image\":{\"@id\":\"https:\/\/www.tkelektric.pl\/#\/schema\/logo\/image\/\"}}]}<\/script>\n<!-- \/ Yoast SEO plugin. -->","yoast_head_json":{"title":"Instalatorstwo elektroenergetyczne - T. K ELEKTRIC - Profesjonalne Instalatorstwo Elektryczne - Instalacje Elektryczne Instalacje Budowlane Wykonawstwo Naprawa Modernizacje S\u0142upsk i okolice Elektryk","robots":{"index":"index","follow":"follow","max-snippet":"max-snippet:-1","max-image-preview":"max-image-preview:large","max-video-preview":"max-video-preview:-1"},"canonical":"https:\/\/www.tkelektric.pl\/index.php\/instalatorstwo-elektroenergetyczne\/","og_locale":"pl_PL","og_type":"article","og_title":"Instalatorstwo elektroenergetyczne - T. K ELEKTRIC - Profesjonalne Instalatorstwo Elektryczne - Instalacje Elektryczne Instalacje Budowlane Wykonawstwo Naprawa Modernizacje S\u0142upsk i okolice Elektryk","og_description":"Instalacje elektryczne przy\u0142\u0105cza elektryk S\u0142upsk pomorskie","og_url":"https:\/\/www.tkelektric.pl\/index.php\/instalatorstwo-elektroenergetyczne\/","og_site_name":"T. K ELEKTRIC - Profesjonalne Instalatorstwo Elektryczne - Instalacje Elektryczne Instalacje Budowlane Wykonawstwo Naprawa Modernizacje S\u0142upsk i okolice Elektryk","article_modified_time":"2024-01-27T13:49:02+00:00","twitter_card":"summary_large_image","twitter_misc":{"Szacowany czas czytania":"1 minuta"},"schema":{"@context":"https:\/\/schema.org","@graph":[{"@type":"WebPage","@id":"https:\/\/www.tkelektric.pl\/index.php\/instalatorstwo-elektroenergetyczne\/","url":"https:\/\/www.tkelektric.pl\/index.php\/instalatorstwo-elektroenergetyczne\/","name":"Instalatorstwo elektroenergetyczne - T. K ELEKTRIC - Profesjonalne Instalatorstwo Elektryczne - Instalacje Elektryczne Instalacje Budowlane Wykonawstwo Naprawa Modernizacje S\u0142upsk i okolice Elektryk","isPartOf":{"@id":"https:\/\/www.tkelektric.pl\/#website"},"datePublished":"2023-07-19T14:30:37+00:00","dateModified":"2024-01-27T13:49:02+00:00","breadcrumb":{"@id":"https:\/\/www.tkelektric.pl\/index.php\/instalatorstwo-elektroenergetyczne\/#breadcrumb"},"inLanguage":"pl-PL","potentialAction":[{"@type":"ReadAction","target":["https:\/\/www.tkelektric.pl\/index.php\/instalatorstwo-elektroenergetyczne\/"]}]},{"@type":"BreadcrumbList","@id":"https:\/\/www.tkelektric.pl\/index.php\/instalatorstwo-elektroenergetyczne\/#breadcrumb","itemListElement":[{"@type":"ListItem","position":1,"name":"Strona g\u0142\u00f3wna","item":"https:\/\/www.tkelektric.pl\/"},{"@type":"ListItem","position":2,"name":"Instalatorstwo elektroenergetyczne"}]},{"@type":"WebSite","@id":"https:\/\/www.tkelektric.pl\/#website","url":"https:\/\/www.tkelektric.pl\/","name":"T. K ELEKTRIC - Profesjonalne Instalatorstwo Elektryczne - Instalacje Elektryczne Instalacje Budowlane Wykonawstwo Naprawa Modernizacje S\u0142upsk i okolice Elektryk","description":"Profesjonalne Instalatorstwo Elektryczne - Instalacje Elektryczne Instalacje Budowlane Wykonawstwo Naprawa Modernizacje Serwis Elektryczny Realizacja Inwestycji S\u0142upsk i okolice Pomorskie Zachodniopomorskie Elektryk","publisher":{"@id":"https:\/\/www.tkelektric.pl\/#organization"},"potentialAction":[{"@type":"SearchAction","target":{"@type":"EntryPoint","urlTemplate":"https:\/\/www.tkelektric.pl\/?s={search_term_string}"},"query-input":{"@type":"PropertyValueSpecification","valueRequired":true,"valueName":"search_term_string"}}],"inLanguage":"pl-PL"},{"@type":"Organization","@id":"https:\/\/www.tkelektric.pl\/#organization","name":"T. K ELEKTRIC - Profesjonalne Instalatorstwo Elektryczne - Instalacje Elektryczne Instalacje Budowlane Wykonawstwo Naprawa Modernizacje S\u0142upsk i okolice Elektryk","url":"https:\/\/www.tkelektric.pl\/","logo":{"@type":"ImageObject","inLanguage":"pl-PL","@id":"https:\/\/www.tkelektric.pl\/#\/schema\/logo\/image\/","url":"https:\/\/www.tkelektric.pl\/wp-content\/uploads\/2023\/07\/cropped-tk-logo1-3d-300.png","contentUrl":"https:\/\/www.tkelektric.pl\/wp-content\/uploads\/2023\/07\/cropped-tk-logo1-3d-300.png","width":300,"height":274,"caption":"T. K ELEKTRIC - Profesjonalne Instalatorstwo Elektryczne - Instalacje Elektryczne Instalacje Budowlane Wykonawstwo Naprawa Modernizacje S\u0142upsk i okolice Elektryk"},"image":{"@id":"https:\/\/www.tkelektric.pl\/#\/schema\/logo\/image\/"}}]}},"_links":{"self":[{"href":"https:\/\/www.tkelektric.pl\/index.php\/wp-json\/wp\/v2\/pages\/1518","targetHints":{"allow":["GET"]}}],"collection":[{"href":"https:\/\/www.tkelektric.pl\/index.php\/wp-json\/wp\/v2\/pages"}],"about":[{"href":"https:\/\/www.tkelektric.pl\/index.php\/wp-json\/wp\/v2\/types\/page"}],"author":[{"embeddable":true,"href":"https:\/\/www.tkelektric.pl\/index.php\/wp-json\/wp\/v2\/users\/1"}],"replies":[{"embeddable":true,"href":"https:\/\/www.tkelektric.pl\/index.php\/wp-json\/wp\/v2\/comments?post=1518"}],"version-history":[{"count":3,"href":"https:\/\/www.tkelektric.pl\/index.php\/wp-json\/wp\/v2\/pages\/1518\/revisions"}],"predecessor-version":[{"id":1712,"href":"https:\/\/www.tkelektric.pl\/index.php\/wp-json\/wp\/v2\/pages\/1518\/revisions\/1712"}],"wp:attachment":[{"href":"https:\/\/www.tkelektric.pl\/index.php\/wp-json\/wp\/v2\/media?parent=1518"}],"curies":[{"name":"wp","href":"https:\/\/api.w.org\/{rel}","templated":true}]}}